{"id":58,"date":"2021-02-26T14:16:54","date_gmt":"2021-02-26T13:16:54","guid":{"rendered":"https:\/\/jlc-jaxnleathercustom.de\/?page_id=58"},"modified":"2021-05-30T15:32:48","modified_gmt":"2021-05-30T13:32:48","slug":"ueber-jlc","status":"publish","type":"page","link":"https:\/\/jlc-jaxnleathercustom.de\/?page_id=58","title":{"rendered":"\u00dcber JLC"},"content":{"rendered":"<p>[et_pb_section fb_built=&#8220;1&#8243; custom_padding_last_edited=&#8220;off|tablet&#8220; admin_label=&#8220;Header&#8220; _builder_version=&#8220;4.9.0&#8243; use_background_color_gradient=&#8220;on&#8220; background_color_gradient_start=&#8220;rgba(0,0,0,0)&#8220; background_color_gradient_end=&#8220;rgba(26,26,26,0.6)&#8220; background_color_gradient_end_position=&#8220;60%&#8220; background_color_gradient_overlays_image=&#8220;on&#8220; background_image=&#8220;https:\/\/jlc-jaxnleathercustom.de\/wp-content\/uploads\/2021\/02\/jlc_jaxn_leather_custom_jaxn_abaout_01.jpg&#8220; custom_padding=&#8220;5vw||5vw||true|false&#8220; top_divider_style=&#8220;arrow3&#8243; top_divider_color=&#8220;rgba(255,255,255,0.07)&#8220; top_divider_repeat=&#8220;4x&#8220; locked=&#8220;off&#8220;][et_pb_row admin_label=&#8220;Row&#8220; _builder_version=&#8220;4.0.11&#8243; background_size=&#8220;initial&#8220; background_position=&#8220;top_left&#8220; background_repeat=&#8220;repeat&#8220; max_width=&#8220;none&#8220;][et_pb_column type=&#8220;4_4&#8243; _builder_version=&#8220;3.25&#8243; custom_padding=&#8220;|||&#8220; custom_padding__hover=&#8220;|||&#8220;][et_pb_image src=&#8220;https:\/\/jlc-jaxnleathercustom.de\/wp-content\/uploads\/2021\/03\/jlc_jaxnleathercustom_icon_lederwerkzeug_02.png&#8220; title_text=&#8220;jlc_jaxnleathercustom_icon_lederwerkzeug_02&#8243; align=&#8220;center&#8220; _builder_version=&#8220;4.9.3&#8243; locked=&#8220;off&#8220;][\/et_pb_image][et_pb_text admin_label=&#8220;Text&#8220; _builder_version=&#8220;4.9.2&#8243; text_font=&#8220;||||||||&#8220; header_font=&#8220;Diplomata SC||||||||&#8220; header_text_align=&#8220;center&#8220; header_font_size=&#8220;5vw&#8220; header_2_font=&#8220;||||||||&#8220; background_layout=&#8220;dark&#8220; custom_margin=&#8220;||20px|&#8220; animation_style=&#8220;fade&#8220; header_font_size_tablet=&#8220;&#8220; header_font_size_phone=&#8220;7vw&#8220; header_font_size_last_edited=&#8220;on|phone&#8220; header_text_shadow_style=&#8220;preset5&#8243;]<\/p>\n<h1>\u00fcber JLC<\/h1>\n<p>[\/et_pb_text][et_pb_text admin_label=&#8220;Text&#8220; _builder_version=&#8220;4.9.3&#8243; header_font=&#8220;||||||||&#8220; header_2_font=&#8220;Vast Shadow|500|||||||&#8220; header_2_font_size=&#8220;36px&#8220; header_2_line_height=&#8220;1.4em&#8220; text_orientation=&#8220;center&#8220; background_layout=&#8220;dark&#8220; custom_margin=&#8220;||||false|false&#8220; animation_style=&#8220;fold&#8220; animation_direction=&#8220;bottom&#8220; animation_intensity_fold=&#8220;10%&#8220; animation_starting_opacity=&#8220;100%&#8220; header_2_font_size_tablet=&#8220;28px&#8220; header_2_font_size_phone=&#8220;22px&#8220; header_2_font_size_last_edited=&#8220;on|phone&#8220; locked=&#8220;off&#8220;]<\/p>\n<h2>SEIT 2018<\/h2>\n<p>[\/et_pb_text][\/et_pb_column][\/et_pb_row][\/et_pb_section][et_pb_section fb_built=&#8220;1&#8243; admin_label=&#8220;About&#8220; _builder_version=&#8220;4.9.3&#8243; background_color=&#8220;RGBA(0,0,0,0)&#8220; use_background_color_gradient=&#8220;on&#8220; background_color_gradient_start=&#8220;rgba(26,26,26,0.5)&#8220; background_color_gradient_end=&#8220;rgba(0,0,0,0.7)&#8220; background_color_gradient_type=&#8220;radial&#8220; background_color_gradient_start_position=&#8220;60%&#8220; background_size=&#8220;initial&#8220; background_repeat=&#8220;repeat&#8220; top_divider_style=&#8220;arrow3&#8243; top_divider_color=&#8220;#000000&#8243; top_divider_height=&#8220;15%&#8220; top_divider_repeat=&#8220;4x&#8220; top_divider_height_tablet=&#8220;200px&#8220; top_divider_height_phone=&#8220;120px&#8220; top_divider_height_last_edited=&#8220;on|phone&#8220; bottom_divider_color=&#8220;rgba(255,255,255,0.7)&#8220; bottom_divider_height=&#8220;100%&#8220; bottom_divider_repeat=&#8220;2x&#8220;][et_pb_row admin_label=&#8220;Row&#8220; _builder_version=&#8220;4.9.0&#8243;][et_pb_column type=&#8220;4_4&#8243; _builder_version=&#8220;3.25&#8243; custom_padding=&#8220;|||&#8220; custom_padding__hover=&#8220;|||&#8220;][et_pb_image src=&#8220;https:\/\/jlc-jaxnleathercustom.de\/wp-content\/uploads\/2021\/03\/icon_zitat-1.png&#8220; alt=&#8220;JLC Firmen Philosophie&#8220; title_text=&#8220;icon_zitat&#8220; align=&#8220;center&#8220; _builder_version=&#8220;4.9.3&#8243; _module_preset=&#8220;default&#8220;][\/et_pb_image][et_pb_text admin_label=&#8220;Title&#8220; _builder_version=&#8220;4.9.2&#8243; header_font=&#8220;||||||||&#8220; header_2_font=&#8220;Vast Shadow||||||||&#8220; header_2_text_align=&#8220;center&#8220; header_2_text_color=&#8220;#FFFFFF&#8220; header_2_font_size=&#8220;36px&#8220; header_2_line_height=&#8220;1.4em&#8220; custom_margin=&#8220;||20px|&#8220; animation_style=&#8220;fold&#8220; animation_direction=&#8220;bottom&#8220; animation_intensity_fold=&#8220;10%&#8220; animation_starting_opacity=&#8220;100%&#8220; header_2_font_size_tablet=&#8220;2em&#8220; header_2_font_size_phone=&#8220;1.8em&#8220; header_2_font_size_last_edited=&#8220;on|phone&#8220;]<\/p>\n<h2>LEDER AUS LEIDENSCHAFT<\/h2>\n<p>[\/et_pb_text][et_pb_text _builder_version=&#8220;4.9.2&#8243; text_font=&#8220;Poppins|300|||||||&#8220; text_text_color=&#8220;#FFFFFF&#8220; text_font_size=&#8220;18px&#8220; text_line_height=&#8220;1.6em&#8220; ul_text_align=&#8220;center&#8220; text_orientation=&#8220;center&#8220; min_height=&#8220;96px&#8220; text_font_size_tablet=&#8220;1.2em&#8220; text_font_size_phone=&#8220;1.2em&#8220; text_font_size_last_edited=&#8220;on|phone&#8220;]<\/p>\n<p class=\"p1\"><span class=\"s1\">Was ist es, das uns Tag f\u00fcr Tag antreibt<br \/>und motiviert? <\/span><\/p>\n<p class=\"p1\"><span class=\"s1\">Es ist die Leidenschaft und Liebe zu einem sehr guten Produkt, das die Menschheit schon seit Jahrhunderten begleitet und nicht nur als nettes Accessoire oder als Dienst- und Schutzbekleidung seinen Nutzen erf\u00fcllt \u2013 Leder!<\/span><\/p>\n<p class=\"p1\"><span class=\"s1\">Oder ist es die hochwertige Verarbeitung und individuelle Gestaltung die es zu einem Unikat macht \u2013 es ist all das und noch viel mehr!\u00a0<\/span><\/p>\n<p>[\/et_pb_text][\/et_pb_column][\/et_pb_row][et_pb_row column_structure=&#8220;1_2,1_2&#8243; use_custom_gutter=&#8220;on&#8220; gutter_width=&#8220;2&#8243; make_equal=&#8220;on&#8220; admin_label=&#8220;Row&#8220; _builder_version=&#8220;4.9.0&#8243;][et_pb_column type=&#8220;1_2&#8243; _builder_version=&#8220;3.25&#8243; custom_padding=&#8220;|||&#8220; custom_padding__hover=&#8220;|||&#8220;][et_pb_text admin_label=&#8220;Title&#8220; _builder_version=&#8220;4.9.2&#8243; header_font=&#8220;||||||||&#8220; header_2_font=&#8220;Vast Shadow||||||||&#8220; header_2_text_color=&#8220;#FFFFFF&#8220; header_2_font_size=&#8220;36px&#8220; header_2_line_height=&#8220;1.4em&#8220; custom_margin=&#8220;||20px|&#8220; animation_style=&#8220;fold&#8220; animation_direction=&#8220;bottom&#8220; animation_intensity_fold=&#8220;10%&#8220; animation_starting_opacity=&#8220;100%&#8220; header_2_font_size_tablet=&#8220;2em&#8220; header_2_font_size_phone=&#8220;1.8em&#8220; header_2_font_size_last_edited=&#8220;on|phone&#8220;]<\/p>\n<h2>Warum Leder?<\/h2>\n<p>[\/et_pb_text][et_pb_text _builder_version=&#8220;4.9.2&#8243; text_font=&#8220;Poppins|300|||||||&#8220; text_font_size=&#8220;18px&#8220; text_line_height=&#8220;1.8em&#8220; animation_style=&#8220;fade&#8220; text_font_size_tablet=&#8220;1.2em&#8220; text_font_size_phone=&#8220;1.2em&#8220; text_font_size_last_edited=&#8220;on|phone&#8220; locked=&#8220;off&#8220;]<\/p>\n<p class=\"p1\"><span class=\"s1\">Das Naturmaterial Leder mit seinen zahlreichen Fassetten und vielseitigen Einsatzm\u00f6glichkeiten \u00fcbte schon fr\u00fch eine Faszination auf meine Person aus.\u00a0<\/span><span class=\"s1\">Durch meine Leidenschaft f\u00fcr das Motorradfahren entdecke ich einen weiteren Weg der Nutzung und Gestaltung des Leders. Durch Sitze und Taschen aus Leder verleiht man einem Bike seine individuelle Note.<\/span><\/p>\n<p>Daraus entstand das Interesse, das Handwerk zu erlernen. Durch meinen Meister Charly von lc\u00ad-custom, erlernte ich das Handwerk sowie die stetige Verfeinerung durch weitere Kurse. Hierbei kommen mir meine vorherigen Ausbildungen, wie Illusionsmalerei zu Gute und verleihen meinen Arbeiten ihre eigene Note.<\/p>\n<p>[\/et_pb_text][\/et_pb_column][et_pb_column type=&#8220;1_2&#8243; _builder_version=&#8220;3.25&#8243; custom_padding=&#8220;|||&#8220; custom_padding__hover=&#8220;|||&#8220;][et_pb_image src=&#8220;https:\/\/jlc-jaxnleathercustom.de\/wp-content\/uploads\/2021\/02\/jlc_jaxn_leather_custom_jaxn_abaout_02.jpg&#8220; title_text=&#8220;jlc_jaxn_leather_custom_jaxn_abaout_02&#8243; _builder_version=&#8220;4.9.0&#8243; _module_preset=&#8220;default&#8220;][\/et_pb_image][\/et_pb_column][\/et_pb_row][et_pb_row column_structure=&#8220;1_2,1_2&#8243; use_custom_gutter=&#8220;on&#8220; gutter_width=&#8220;2&#8243; make_equal=&#8220;on&#8220; admin_label=&#8220;Row&#8220; _builder_version=&#8220;4.9.0&#8243;][et_pb_column type=&#8220;1_2&#8243; _builder_version=&#8220;3.25&#8243; custom_padding=&#8220;|||&#8220; custom_padding__hover=&#8220;|||&#8220;][et_pb_image src=&#8220;https:\/\/jlc-jaxnleathercustom.de\/wp-content\/uploads\/2021\/02\/jlc_jaxn_leather_custom_jaxn_abaout_01.jpg&#8220; title_text=&#8220;jlc_jaxn_leather_custom_jaxn_abaout_01&#8243; force_fullwidth=&#8220;on&#8220; align_tablet=&#8220;center&#8220; align_phone=&#8220;&#8220; align_last_edited=&#8220;on|desktop&#8220; _builder_version=&#8220;4.9.0&#8243;][\/et_pb_image][\/et_pb_column][et_pb_column type=&#8220;1_2&#8243; _builder_version=&#8220;3.25&#8243; custom_padding=&#8220;|||&#8220; custom_padding__hover=&#8220;|||&#8220;][et_pb_text admin_label=&#8220;Title&#8220; _builder_version=&#8220;4.9.2&#8243; header_font=&#8220;||||||||&#8220; header_2_font=&#8220;Vast Shadow||||||||&#8220; header_2_text_color=&#8220;#FFFFFF&#8220; header_2_font_size=&#8220;36px&#8220; header_2_line_height=&#8220;1.4em&#8220; custom_margin=&#8220;||20px|&#8220; animation_style=&#8220;fold&#8220; animation_direction=&#8220;bottom&#8220; animation_intensity_fold=&#8220;10%&#8220; animation_starting_opacity=&#8220;100%&#8220; header_2_font_size_tablet=&#8220;2em&#8220; header_2_font_size_phone=&#8220;1.8em&#8220; header_2_font_size_last_edited=&#8220;on|phone&#8220;]<\/p>\n<h2>Leder-Verarbeitung \u2013 handgefertigte Produkte mit Charm<\/h2>\n<p>[\/et_pb_text][et_pb_text _builder_version=&#8220;4.9.2&#8243; text_font=&#8220;Poppins|300|||||||&#8220; text_font_size=&#8220;18px&#8220; text_line_height=&#8220;1.6em&#8220; max_width=&#8220;80%&#8220; animation_style=&#8220;fade&#8220; text_font_size_tablet=&#8220;1.2em&#8220; text_font_size_phone=&#8220;1.2em&#8220; text_font_size_last_edited=&#8220;on|phone&#8220; locked=&#8220;off&#8220;]<\/p>\n<p class=\"p1\"><span class=\"s1\">Bereits im alten Rom diente das Naturmaterial Leder als n\u00fctzliche Schutzbekleidung. Heute haben wir aber noch viel mehr M\u00f6glichkeiten in der Verarbeitung und Gestaltung.<\/span><\/p>\n<p>Durch das Punzieren, Modellieren, Karven und F\u00e4rben k\u00f6nnen wir Leder versch\u00f6nern und es dadurch zu einem echten Highlight beispielsweise f\u00fcr eure Bikes, Accessoires oder Lieblings-Outfits werden lassen.<\/p>\n<p>JLC verleiht durch die Handwerkskunst jedem Leder-Produkt seinen einzigartigen Charm!<\/p>\n<p>[\/et_pb_text][\/et_pb_column][\/et_pb_row][et_pb_row column_structure=&#8220;1_2,1_2&#8243; _builder_version=&#8220;4.9.0&#8243;][et_pb_column type=&#8220;1_2&#8243; _builder_version=&#8220;4.0.11&#8243;][et_pb_text admin_label=&#8220;Title&#8220; _builder_version=&#8220;4.9.3&#8243; header_font=&#8220;||||||||&#8220; header_2_font=&#8220;Vast Shadow||||||||&#8220; header_2_text_align=&#8220;left&#8220; header_2_text_color=&#8220;#FFFFFF&#8220; header_2_font_size=&#8220;36px&#8220; header_2_line_height=&#8220;1.4em&#8220; custom_margin=&#8220;||20px|&#8220; animation_style=&#8220;fold&#8220; animation_direction=&#8220;bottom&#8220; animation_intensity_fold=&#8220;10%&#8220; animation_starting_opacity=&#8220;100%&#8220; header_2_font_size_tablet=&#8220;2em&#8220; header_2_font_size_phone=&#8220;1.8em&#8220; header_2_font_size_last_edited=&#8220;on|phone&#8220;]<\/p>\n<h2>Hochwertige<br \/>Leder-Qualit\u00e4t<\/h2>\n<p>[\/et_pb_text][et_pb_text _builder_version=&#8220;4.9.3&#8243; text_font=&#8220;Poppins|300|||||||&#8220; text_font_size=&#8220;18px&#8220; text_line_height=&#8220;1.6em&#8220; animation_style=&#8220;fade&#8220; text_font_size_tablet=&#8220;1.2em&#8220; text_font_size_phone=&#8220;1.2em&#8220; text_font_size_last_edited=&#8220;on|phone&#8220; locked=&#8220;off&#8220;]<\/p>\n<p class=\"p1\"><span class=\"s1\">Das Leder, das JLC verarbeitet wird ausschlie\u00dflich aus zertifizierten Traditions Gerbereien bezogen wie Tanner Masure (Belgien).<\/span><\/p>\n<p>Qualitativ hochwertig zu produzieren bedeutet, nicht nur mit h\u00f6chster Sorgfalt zu arbeiten und zu gestallten, sondern bereits bei der Auswahl der Materialien eine strenge Qualit\u00e4tskontrolle einflie\u00dfen zu lassen und somit das Fundament einer soliden Arbeit zu schaffen.<\/p>\n<p>[\/et_pb_text][\/et_pb_column][et_pb_column type=&#8220;1_2&#8243; _builder_version=&#8220;4.0.11&#8243;][et_pb_image src=&#8220;https:\/\/jlc-jaxnleathercustom.de\/wp-content\/uploads\/2021\/04\/jlc_jaxn_leather_custom_jaxn_high_quality_02.jpg&#8220; title_text=&#8220;jlc_jaxn_leather_custom_jaxn_high_quality_02&#8243; _builder_version=&#8220;4.9.3&#8243; _module_preset=&#8220;default&#8220;][\/et_pb_image][\/et_pb_column][\/et_pb_row][\/et_pb_section][et_pb_section fb_built=&#8220;1&#8243; admin_label=&#8220;About&#8220; _builder_version=&#8220;4.9.3&#8243; background_color=&#8220;RGBA(0,0,0,0)&#8220; use_background_color_gradient=&#8220;on&#8220; background_color_gradient_start=&#8220;rgba(26,26,26,0.5)&#8220; background_color_gradient_end=&#8220;rgba(0,0,0,0.7)&#8220; background_color_gradient_type=&#8220;radial&#8220; background_color_gradient_start_position=&#8220;60%&#8220; background_size=&#8220;initial&#8220; background_repeat=&#8220;repeat&#8220; custom_margin=&#8220;||||false|false&#8220; custom_padding=&#8220;||239px|||&#8220; top_divider_style=&#8220;arrow3&#8243; top_divider_color=&#8220;#1A1A1A&#8220; top_divider_height=&#8220;30%&#8220; top_divider_repeat=&#8220;4x&#8220; top_divider_height_tablet=&#8220;200px&#8220; top_divider_height_phone=&#8220;120px&#8220; top_divider_height_last_edited=&#8220;on|phone&#8220; bottom_divider_style=&#8220;arrow3&#8243; bottom_divider_color=&#8220;#F40001&#8243; bottom_divider_height=&#8220;23%&#8220;][et_pb_row admin_label=&#8220;Row&#8220; _builder_version=&#8220;4.0.11&#8243; custom_margin=&#8220;||-200px||false|false&#8220; make_fullwidth=&#8220;on&#8220;][et_pb_column type=&#8220;4_4&#8243; _builder_version=&#8220;3.25&#8243; custom_padding=&#8220;|||&#8220; custom_padding__hover=&#8220;|||&#8220;][et_pb_video src=&#8220;https:\/\/jlc-jaxnleathercustom.de\/wp-content\/uploads\/2021\/04\/VID-20210103-WA0000.mp4&#8243; play_icon_color=&#8220;#F40001&#8243; thumbnail_overlay_color=&#8220;#1A1A1A&#8220; _builder_version=&#8220;4.9.3&#8243; max_width=&#8220;600px&#8220; custom_margin=&#8220;|auto||auto|false|false&#8220; animation_style=&#8220;fade&#8220;][\/et_pb_video][\/et_pb_column][\/et_pb_row][\/et_pb_section]<\/p>\n","protected":false},"excerpt":{"rendered":"<p>[et_pb_section fb_built=&#8220;1&#8243; custom_padding_last_edited=&#8220;off|tablet&#8220; admin_label=&#8220;Header&#8220; _builder_version=&#8220;4.9.0&#8243; use_background_color_gradient=&#8220;on&#8220; background_color_gradient_start=&#8220;rgba(0,0,0,0)&#8220; background_color_gradient_end=&#8220;rgba(26,26,26,0.6)&#8220; background_color_gradient_end_position=&#8220;60%&#8220; background_color_gradient_overlays_image=&#8220;on&#8220; background_image=&#8220;https:\/\/jlc-jaxnleathercustom.de\/wp-content\/uploads\/2021\/02\/jlc_jaxn_leather_custom_jaxn_abaout_01.jpg&#8220; custom_padding=&#8220;5vw||5vw||true|false&#8220; top_divider_style=&#8220;arrow3&#8243; top_divider_color=&#8220;rgba(255,255,255,0.07)&#8220; top_divider_repeat=&#8220;4x&#8220; locked=&#8220;off&#8220;][et_pb_row admin_label=&#8220;Row&#8220; _builder_version=&#8220;4.0.11&#8243; background_size=&#8220;initial&#8220; background_position=&#8220;top_left&#8220; background_repeat=&#8220;repeat&#8220; max_width=&#8220;none&#8220;][et_pb_column type=&#8220;4_4&#8243; _builder_version=&#8220;3.25&#8243; custom_padding=&#8220;|||&#8220; custom_padding__hover=&#8220;|||&#8220;][et_pb_image src=&#8220;https:\/\/jlc-jaxnleathercustom.de\/wp-content\/uploads\/2021\/03\/jlc_jaxnleathercustom_icon_lederwerkzeug_02.png&#8220; title_text=&#8220;jlc_jaxnleathercustom_icon_lederwerkzeug_02&#8243; align=&#8220;center&#8220; _builder_version=&#8220;4.9.3&#8243; locked=&#8220;off&#8220;][\/et_pb_image][et_pb_text admin_label=&#8220;Text&#8220; _builder_version=&#8220;4.9.2&#8243; text_font=&#8220;||||||||&#8220; header_font=&#8220;Diplomata SC||||||||&#8220; header_text_align=&#8220;center&#8220; header_font_size=&#8220;5vw&#8220; header_2_font=&#8220;||||||||&#8220; background_layout=&#8220;dark&#8220; custom_margin=&#8220;||20px|&#8220; animation_style=&#8220;fade&#8220; header_font_size_tablet=&#8220;&#8220; header_font_size_phone=&#8220;7vw&#8220; header_font_size_last_edited=&#8220;on|phone&#8220; header_text_shadow_style=&#8220;preset5&#8243;] \u00fcber JLC [\/et_pb_text][et_pb_text admin_label=&#8220;Text&#8220; _builder_version=&#8220;4.9.3&#8243; header_font=&#8220;||||||||&#8220; header_2_font=&#8220;Vast Shadow|500|||||||&#8220; header_2_font_size=&#8220;36px&#8220; [&hellip;]<\/p>\n","protected":false},"author":1,"featured_media":0,"parent":0,"menu_order":0,"comment_status":"closed","ping_status":"closed","template":"","meta":{"_et_pb_use_builder":"on","_et_pb_old_content":"","_et_gb_content_width":"","footnotes":""},"class_list":["post-58","page","type-page","status-publish","hentry"],"yoast_head":"<!-- This site is optimized with the Yoast SEO plugin v16.3 - https:\/\/yoast.com\/wordpress\/plugins\/seo\/ -->\n<title>\u00dcber JLC - JLC Jaxn Leather Customs<\/title>\n<meta name=\"robots\" content=\"index, follow, max-snippet:-1, max-image-preview:large, max-video-preview:-1\" \/>\n<link rel=\"canonical\" href=\"https:\/\/jlc-jaxnleathercustom.de\/?page_id=58\" \/>\n<meta property=\"og:locale\" content=\"de_DE\" \/>\n<meta property=\"og:type\" content=\"article\" \/>\n<meta property=\"og:title\" content=\"\u00dcber JLC - JLC Jaxn Leather Customs\" \/>\n<meta property=\"og:description\" content=\"[et_pb_section fb_built=&#8220;1&#8243; custom_padding_last_edited=&#8220;off|tablet&#8220; admin_label=&#8220;Header&#8220; _builder_version=&#8220;4.9.0&#8243; use_background_color_gradient=&#8220;on&#8220; background_color_gradient_start=&#8220;rgba(0,0,0,0)&#8220; background_color_gradient_end=&#8220;rgba(26,26,26,0.6)&#8220; background_color_gradient_end_position=&#8220;60%&#8220; background_color_gradient_overlays_image=&#8220;on&#8220; background_image=&#8220;https:\/\/jlc-jaxnleathercustom.de\/wp-content\/uploads\/2021\/02\/jlc_jaxn_leather_custom_jaxn_abaout_01.jpg&#8220; custom_padding=&#8220;5vw||5vw||true|false&#8220; top_divider_style=&#8220;arrow3&#8243; top_divider_color=&#8220;rgba(255,255,255,0.07)&#8220; top_divider_repeat=&#8220;4x&#8220; locked=&#8220;off&#8220;][et_pb_row admin_label=&#8220;Row&#8220; _builder_version=&#8220;4.0.11&#8243; background_size=&#8220;initial&#8220; background_position=&#8220;top_left&#8220; background_repeat=&#8220;repeat&#8220; max_width=&#8220;none&#8220;][et_pb_column type=&#8220;4_4&#8243; _builder_version=&#8220;3.25&#8243; custom_padding=&#8220;|||&#8220; custom_padding__hover=&#8220;|||&#8220;][et_pb_image src=&#8220;https:\/\/jlc-jaxnleathercustom.de\/wp-content\/uploads\/2021\/03\/jlc_jaxnleathercustom_icon_lederwerkzeug_02.png&#8220; title_text=&#8220;jlc_jaxnleathercustom_icon_lederwerkzeug_02&#8243; align=&#8220;center&#8220; _builder_version=&#8220;4.9.3&#8243; locked=&#8220;off&#8220;][\/et_pb_image][et_pb_text admin_label=&#8220;Text&#8220; _builder_version=&#8220;4.9.2&#8243; text_font=&#8220;||||||||&#8220; header_font=&#8220;Diplomata SC||||||||&#8220; header_text_align=&#8220;center&#8220; header_font_size=&#8220;5vw&#8220; header_2_font=&#8220;||||||||&#8220; background_layout=&#8220;dark&#8220; custom_margin=&#8220;||20px|&#8220; animation_style=&#8220;fade&#8220; header_font_size_tablet=&#8220;&#8220; header_font_size_phone=&#8220;7vw&#8220; header_font_size_last_edited=&#8220;on|phone&#8220; header_text_shadow_style=&#8220;preset5&#8243;] \u00fcber JLC [\/et_pb_text][et_pb_text admin_label=&#8220;Text&#8220; _builder_version=&#8220;4.9.3&#8243; header_font=&#8220;||||||||&#8220; header_2_font=&#8220;Vast Shadow|500|||||||&#8220; header_2_font_size=&#8220;36px&#8220; [&hellip;]\" \/>\n<meta property=\"og:url\" content=\"https:\/\/jlc-jaxnleathercustom.de\/?page_id=58\" \/>\n<meta property=\"og:site_name\" content=\"JLC Jaxn Leather Customs\" \/>\n<meta property=\"article:modified_time\" content=\"2021-05-30T13:32:48+00:00\" \/>\n<meta name=\"twitter:card\" content=\"summary_large_image\" \/>\n<meta name=\"twitter:label1\" content=\"Gesch\u00e4tzte Lesezeit\">\n\t<meta name=\"twitter:data1\" content=\"3\u00a0Minuten\">\n<script type=\"application\/ld+json\" class=\"yoast-schema-graph\">{\"@context\":\"https:\/\/schema.org\",\"@graph\":[{\"@type\":\"WebSite\",\"@id\":\"https:\/\/jlc-jaxnleathercustom.de\/#website\",\"url\":\"https:\/\/jlc-jaxnleathercustom.de\/\",\"name\":\"JLC Jaxn Leather Customs\",\"description\":\"JLC Jaxn Leather Customs\",\"potentialAction\":[{\"@type\":\"SearchAction\",\"target\":\"https:\/\/jlc-jaxnleathercustom.de\/?s={search_term_string}\",\"query-input\":\"required name=search_term_string\"}],\"inLanguage\":\"de\"},{\"@type\":\"WebPage\",\"@id\":\"https:\/\/jlc-jaxnleathercustom.de\/?page_id=58#webpage\",\"url\":\"https:\/\/jlc-jaxnleathercustom.de\/?page_id=58\",\"name\":\"\\u00dcber JLC - JLC Jaxn Leather Customs\",\"isPartOf\":{\"@id\":\"https:\/\/jlc-jaxnleathercustom.de\/#website\"},\"datePublished\":\"2021-02-26T13:16:54+00:00\",\"dateModified\":\"2021-05-30T13:32:48+00:00\",\"breadcrumb\":{\"@id\":\"https:\/\/jlc-jaxnleathercustom.de\/?page_id=58#breadcrumb\"},\"inLanguage\":\"de\",\"potentialAction\":[{\"@type\":\"ReadAction\",\"target\":[\"https:\/\/jlc-jaxnleathercustom.de\/?page_id=58\"]}]},{\"@type\":\"BreadcrumbList\",\"@id\":\"https:\/\/jlc-jaxnleathercustom.de\/?page_id=58#breadcrumb\",\"itemListElement\":[{\"@type\":\"ListItem\",\"position\":1,\"item\":{\"@type\":\"WebPage\",\"@id\":\"https:\/\/jlc-jaxnleathercustom.de\/\",\"url\":\"https:\/\/jlc-jaxnleathercustom.de\/\",\"name\":\"Startseite\"}},{\"@type\":\"ListItem\",\"position\":2,\"item\":{\"@id\":\"https:\/\/jlc-jaxnleathercustom.de\/?page_id=58#webpage\"}}]}]}<\/script>\n<!-- \/ Yoast SEO plugin. -->","_links":{"self":[{"href":"https:\/\/jlc-jaxnleathercustom.de\/index.php?rest_route=\/wp\/v2\/pages\/58","targetHints":{"allow":["GET"]}}],"collection":[{"href":"https:\/\/jlc-jaxnleathercustom.de\/index.php?rest_route=\/wp\/v2\/pages"}],"about":[{"href":"https:\/\/jlc-jaxnleathercustom.de\/index.php?rest_route=\/wp\/v2\/types\/page"}],"author":[{"embeddable":true,"href":"https:\/\/jlc-jaxnleathercustom.de\/index.php?rest_route=\/wp\/v2\/users\/1"}],"replies":[{"embeddable":true,"href":"https:\/\/jlc-jaxnleathercustom.de\/index.php?rest_route=%2Fwp%2Fv2%2Fcomments&post=58"}],"version-history":[{"count":51,"href":"https:\/\/jlc-jaxnleathercustom.de\/index.php?rest_route=\/wp\/v2\/pages\/58\/revisions"}],"predecessor-version":[{"id":765,"href":"https:\/\/jlc-jaxnleathercustom.de\/index.php?rest_route=\/wp\/v2\/pages\/58\/revisions\/765"}],"wp:attachment":[{"href":"https:\/\/jlc-jaxnleathercustom.de\/index.php?rest_route=%2Fwp%2Fv2%2Fmedia&parent=58"}],"curies":[{"name":"wp","href":"https:\/\/api.w.org\/{rel}","templated":true}]}}